{"id":1917,"date":"2023-12-21T08:06:58","date_gmt":"2023-12-21T08:06:58","guid":{"rendered":"https:\/\/carlac.es\/?page_id=1917"},"modified":"2025-04-24T11:31:59","modified_gmt":"2025-04-24T11:31:59","slug":"politica-de-cookies","status":"publish","type":"page","link":"https:\/\/carlac.es\/?page_id=1917","title":{"rendered":"Pol\u00edtica de cookies Car-lac"},"content":{"rendered":"\t\t<div data-elementor-type=\"wp-page\" data-elementor-id=\"1917\" class=\"elementor elementor-1917\">\n\t\t\t\t\t\t<section class=\"elementor-section elementor-top-section elementor-element elementor-element-e4c58f8 elementor-section-full_width elementor-section-height-default elementor-section-height-default rael-particle-no\" data-id=\"e4c58f8\" data-element_type=\"section\" data-e-type=\"section\">\n\t\t\t\t\t\t<div class=\"elementor-container elementor-column-gap-default\">\n\t\t\t\t\t<div class=\"elementor-column elementor-col-50 elementor-top-column elementor-element elementor-element-2b8d06d5 rael-particle-no\" data-id=\"2b8d06d5\" data-element_type=\"column\" data-e-type=\"column\">\n\t\t\t<div class=\"elementor-widget-wrap elementor-element-populated\">\n\t\t\t\t\t\t<div class=\"elementor-element elementor-element-2677bb2 elementor-widget elementor-widget-image\" data-id=\"2677bb2\" data-element_type=\"widget\" data-e-type=\"widget\" data-widget_type=\"image.default\">\n\t\t\t\t<div class=\"elementor-widget-container\">\n\t\t\t\t\t\t\t\t\t\t\t\t\t\t\t<img fetchpriority=\"high\" decoding=\"async\" width=\"1417\" height=\"543\" src=\"https:\/\/carlac.es\/wp-content\/uploads\/2023\/10\/carlac_color.jpg\" class=\"attachment-full size-full wp-image-1739\" alt=\"\" srcset=\"https:\/\/carlac.es\/wp-content\/uploads\/2023\/10\/carlac_color.jpg 1417w, https:\/\/carlac.es\/wp-content\/uploads\/2023\/10\/carlac_color-300x115.jpg 300w, https:\/\/carlac.es\/wp-content\/uploads\/2023\/10\/carlac_color-1024x392.jpg 1024w, https:\/\/carlac.es\/wp-content\/uploads\/2023\/10\/carlac_color-768x294.jpg 768w\" sizes=\"(max-width: 1417px) 100vw, 1417px\" \/>\t\t\t\t\t\t\t\t\t\t\t\t\t\t\t<\/div>\n\t\t\t\t<\/div>\n\t\t\t\t\t<\/div>\n\t\t<\/div>\n\t\t\t\t<div class=\"elementor-column elementor-col-50 elementor-top-column elementor-element elementor-element-41822eba rael-particle-no\" data-id=\"41822eba\" data-element_type=\"column\" data-e-type=\"column\">\n\t\t\t<div class=\"elementor-widget-wrap elementor-element-populated\">\n\t\t\t\t\t\t<div class=\"elementor-element elementor-element-828bd57 elementor-hidden-phone elementor-widget elementor-widget-text-editor\" data-id=\"828bd57\" data-element_type=\"widget\" data-e-type=\"widget\" data-widget_type=\"text-editor.default\">\n\t\t\t\t<div class=\"elementor-widget-container\">\n\t\t\t\t\t\t\t\t\t<p><strong>986 342 579<\/strong><\/p>\t\t\t\t\t\t\t\t<\/div>\n\t\t\t\t<\/div>\n\t\t\t\t\t<\/div>\n\t\t<\/div>\n\t\t\t\t\t<\/div>\n\t\t<\/section>\n\t\t\t\t<section class=\"elementor-section elementor-top-section elementor-element elementor-element-4fb2ce5 elementor-section-full_width elementor-section-height-min-height elementor-section-height-default elementor-section-items-middle rael-particle-no\" data-id=\"4fb2ce5\" data-element_type=\"section\" data-e-type=\"section\">\n\t\t\t\t\t\t<div class=\"elementor-container elementor-column-gap-no\">\n\t\t\t\t\t<div class=\"elementor-column elementor-col-100 elementor-top-column elementor-element elementor-element-55f1450 rael-particle-no\" data-id=\"55f1450\" data-element_type=\"column\" data-e-type=\"column\">\n\t\t\t<div class=\"elementor-widget-wrap\">\n\t\t\t\t\t\t\t<\/div>\n\t\t<\/div>\n\t\t\t\t\t<\/div>\n\t\t<\/section>\n\t\t\t\t<section class=\"elementor-section elementor-top-section elementor-element elementor-element-82659ef elementor-section-boxed elementor-section-height-default elementor-section-height-default rael-particle-no\" data-id=\"82659ef\" data-element_type=\"section\" data-e-type=\"section\" id=\"Productos\">\n\t\t\t\t\t\t<div class=\"elementor-container elementor-column-gap-default\">\n\t\t\t\t\t<div class=\"elementor-column elementor-col-100 elementor-top-column elementor-element elementor-element-6429977 PRODUCTOS rael-particle-no\" data-id=\"6429977\" data-element_type=\"column\" data-e-type=\"column\">\n\t\t\t<div class=\"elementor-widget-wrap elementor-element-populated\">\n\t\t\t\t\t\t<div class=\"elementor-element elementor-element-7790264 elementor-widget elementor-widget-text-editor\" data-id=\"7790264\" data-element_type=\"widget\" data-e-type=\"widget\" data-widget_type=\"text-editor.default\">\n\t\t\t\t<div class=\"elementor-widget-container\">\n\t\t\t\t\t\t\t\t\t<h3>POL\u00cdTICA DE COOKIES<\/h3><p><strong>\u00bf<\/strong><strong>Qu<\/strong><strong>\u00e9\u00a0<\/strong><strong>son las cookies<\/strong><strong>?<\/strong><\/p><p>Una cookie es un fichero que se descarga en su ordenador al acceder a determinadas p\u00e1ginas web. Las cookies permiten a una p\u00e1gina web, entre otras cosas, almacenar y recuperar informaci\u00f3n sobre los h\u00e1bitos de navegaci\u00f3n de un usuario o de su equipo y, dependiendo de la informaci\u00f3n que contengan y de la forma en que utilice su equipo, pueden utilizarse para reconocer al usuario.<\/p><p><strong>\u00bfPara qu<\/strong><strong>\u00e9\u00a0<\/strong><strong>las utilizamos?<\/strong><\/p><p>El sitio web de EXCLUSIVAS CARLAC, S.L., <a href=\"https:\/\/carlac.es\/?page_id=1492\">www.carlac.es<\/a> emplea \u2018cookies\u2019 con la finalidad de permitir y facilitar la interacci\u00f3n del usuario con el mismo. Asimismo los servicios de estad\u00edsticas \u2013propios o ajenos-, empleados por EXCLUSIVAS CARLAC, S.L., pueden emplear \u2018cookies\u2019 con la finalidad de establecer m\u00e9tricas y patrones de uso del sitio.<\/p><p>Los terceros tambi\u00e9n pueden recopilar informaci\u00f3n a trav\u00e9s de las P\u00e1ginas Web mediante cookies, plugins y widgets de terceros. Estos terceros recogen datos directamente de su navegador web y el tratamiento de estos datos est\u00e1 sujeto a sus propias pol\u00edticas de privacidad.<\/p><p><strong>\u00bf<\/strong><strong>Qu<\/strong><strong>\u00e9\u00a0<\/strong><strong>tipos de cookies utiliza esta p<\/strong><strong>\u00e1<\/strong><strong>gina web?<\/strong><\/p><ul><li>Cookies funcionales de sesi\u00f3n: Estas cookies son necesarias para la funcionalidad b\u00e1sica de la P\u00e1gina Web y, por lo tanto, siempre est\u00e1n habilitadas para ello. Mantienen al usuario identificado durante el uso del sitio web de EXCLUSIVAS CARLAC, S.L., permitiendo su interacci\u00f3n con el mismo. Ayudan a hacer posible el proceso de compra y pago, as\u00ed como a asistir cuestiones de seguridad y de conformidad con las normativas.<\/li><li>Cookies de rendimiento: Estas cookies nos permiten mejorar la funcionalidad de nuestras P\u00e1ginas Web mediante el seguimiento del uso. En algunos casos, estas cookies mejoran la velocidad con la que podemos procesar su solicitud y nos permiten recordar las preferencias de la p\u00e1gina web que usted ha seleccionado. Rechazar estas cookies puede generar recomendaciones mal adaptadas y un rendimiento lento de la p\u00e1gina web.<\/li><li>Cookies de an\u00e1lisis: Son aquellas que bien tratadas por nosotros o por terceros, nos permiten cuantificar el n\u00famero de usuarios y as\u00ed realizar la medici\u00f3n y an\u00e1lisis estad\u00edstico de la utilizaci\u00f3n que hacen los usuarios del servicio ofertado. Para ello se analiza su navegaci\u00f3n en nuestra p\u00e1gina web con el fin de mejorar la oferta de productos o servicios que le ofrecemos.<\/li><li>Cookies de redes sociales y Publicidad: Las cookies de redes sociales le ofrecen la posibilidad de conectarse a sus redes sociales y compartir el contenido de nuestra p\u00e1gina web a trav\u00e9s de redes sociales. Las cookies publicitarias (de terceros) recopilan informaci\u00f3n para ayudar a adaptar mejor la publicidad a sus intereses, tanto dentro como fuera de nuestra p\u00e1gina web. En algunos casos, estas cookies implican el tratamiento de sus datos personales. Rechazar estas cookies puede generar ver publicidad que no es tan relevante para usted o que no pueda enlazarte de manera efectiva con Facebook, Twitter u otras redes sociales y\/o que no te permita compartir contenido en redes sociales.<\/li><\/ul><p><strong>\u00bfC\u00f3mo cambiar mi configuraci\u00f3n de cookies?<\/strong><\/p><p>Una vez aceptada nuestra pol\u00edtica de cookies, para poder aceptar de nuevo, conocer, bloquear o eliminar las cookies instaladas en tu equipo puedes hacerlo mediante la configuraci\u00f3n de las opciones del navegador instalado en tu ordenador.<\/p><p>Por ejemplo puedes encontrar informaci\u00f3n sobre c\u00f3mo hacerlo en el caso que uses como navegador:<\/p><ul><li>Firefox desde aqu\u00ed: http:\/\/support.mozilla.org\/es\/kb\/habilitar-y-deshabilitar-cookies-que-los-sitios-web<\/li><li>Chrome desde aqu\u00ed: http:\/\/support.google.com\/chrome\/bin\/answer.py?hl=es&amp;answer=95647<\/li><li>Explorer desde aqu\u00ed: http:\/\/windows.microsoft.com\/es-es\/windows7\/how-to-manage-cookies-in-internet-explorer-9<\/li><li>Safari desde aqu\u00ed: http:\/\/support.apple.com\/kb\/ph5042<\/li><li>Opera desde aqu\u00ed: http:\/\/help.opera.com\/Windows\/11.50\/es-ES\/cookies.html<\/li><\/ul>\t\t\t\t\t\t\t\t<\/div>\n\t\t\t\t<\/div>\n\t\t\t\t<div class=\"elementor-element elementor-element-534e07d elementor-widget elementor-widget-spacer\" data-id=\"534e07d\" data-element_type=\"widget\" data-e-type=\"widget\" data-widget_type=\"spacer.default\">\n\t\t\t\t<div class=\"elementor-widget-container\">\n\t\t\t\t\t\t\t<div class=\"elementor-spacer\">\n\t\t\t<div class=\"elementor-spacer-inner\"><\/div>\n\t\t<\/div>\n\t\t\t\t\t\t<\/div>\n\t\t\t\t<\/div>\n\t\t\t\t\t<\/div>\n\t\t<\/div>\n\t\t\t\t\t<\/div>\n\t\t<\/section>\n\t\t\t\t<section class=\"elementor-section elementor-top-section elementor-element elementor-element-2ce496c elementor-section-full_width elementor-section-height-default elementor-section-height-default rael-particle-no\" data-id=\"2ce496c\" data-element_type=\"section\" data-e-type=\"section\">\n\t\t\t\t\t\t<div class=\"elementor-container elementor-column-gap-default\">\n\t\t\t\t\t<div class=\"elementor-column elementor-col-50 elementor-top-column elementor-element elementor-element-8cc9fed rael-particle-no\" data-id=\"8cc9fed\" data-element_type=\"column\" data-e-type=\"column\">\n\t\t\t<div class=\"elementor-widget-wrap elementor-element-populated\">\n\t\t\t\t\t\t<div class=\"elementor-element elementor-element-6fe48df elementor-widget elementor-widget-text-editor\" data-id=\"6fe48df\" data-element_type=\"widget\" data-e-type=\"widget\" data-widget_type=\"text-editor.default\">\n\t\t\t\t<div class=\"elementor-widget-container\">\n\t\t\t\t\t\t\t\t\t<p><a href=\"http:\/\/www.carlac.es\">\u00a9 2025 Exclusivas Car-lac<\/a><\/p>\t\t\t\t\t\t\t\t<\/div>\n\t\t\t\t<\/div>\n\t\t\t\t\t<\/div>\n\t\t<\/div>\n\t\t\t\t<div class=\"elementor-column elementor-col-50 elementor-top-column elementor-element elementor-element-18e43d7 rael-particle-no\" data-id=\"18e43d7\" data-element_type=\"column\" data-e-type=\"column\">\n\t\t\t<div class=\"elementor-widget-wrap elementor-element-populated\">\n\t\t\t\t\t\t<div class=\"elementor-element elementor-element-9515896 elementor-widget elementor-widget-text-editor\" data-id=\"9515896\" data-element_type=\"widget\" data-e-type=\"widget\" data-widget_type=\"text-editor.default\">\n\t\t\t\t<div class=\"elementor-widget-container\">\n\t\t\t\t\t\t\t\t\t<p><a href=\"https:\/\/carlac.es\/?page_id=1733\">Aviso legal y pol\u00edtica de privacidad<\/a> | <a href=\"https:\/\/carlac.es\/?page_id=1917\">Cookies <\/a><a href=\"https:\/\/carlac.es\/?page_id=1878\">|Cumplimiento legal|<\/a><\/p>\t\t\t\t\t\t\t\t<\/div>\n\t\t\t\t<\/div>\n\t\t\t\t\t<\/div>\n\t\t<\/div>\n\t\t\t\t\t<\/div>\n\t\t<\/section>\n\t\t\t\t<\/div>\n\t\t","protected":false},"excerpt":{"rendered":"<p>986 342 579 POL\u00cdTICA DE COOKIES \u00bfQu\u00e9\u00a0son las cookies? Una cookie es un fichero que se descarga en su ordenador al acceder a determinadas p\u00e1ginas web. Las cookies permiten a una p\u00e1gina web, entre otras cosas, almacenar y recuperar informaci\u00f3n sobre los h\u00e1bitos de navegaci\u00f3n de un usuario o de su equipo y, dependiendo de [&hellip;]<\/p>\n","protected":false},"author":1,"featured_media":0,"parent":0,"menu_order":0,"comment_status":"closed","ping_status":"closed","template":"","meta":{"footnotes":""},"class_list":["post-1917","page","type-page","status-publish","hentry"],"_links":{"self":[{"href":"https:\/\/carlac.es\/index.php?rest_route=\/wp\/v2\/pages\/1917","targetHints":{"allow":["GET"]}}],"collection":[{"href":"https:\/\/carlac.es\/index.php?rest_route=\/wp\/v2\/pages"}],"about":[{"href":"https:\/\/carlac.es\/index.php?rest_route=\/wp\/v2\/types\/page"}],"author":[{"embeddable":true,"href":"https:\/\/carlac.es\/index.php?rest_route=\/wp\/v2\/users\/1"}],"replies":[{"embeddable":true,"href":"https:\/\/carlac.es\/index.php?rest_route=%2Fwp%2Fv2%2Fcomments&post=1917"}],"version-history":[{"count":22,"href":"https:\/\/carlac.es\/index.php?rest_route=\/wp\/v2\/pages\/1917\/revisions"}],"predecessor-version":[{"id":2431,"href":"https:\/\/carlac.es\/index.php?rest_route=\/wp\/v2\/pages\/1917\/revisions\/2431"}],"wp:attachment":[{"href":"https:\/\/carlac.es\/index.php?rest_route=%2Fwp%2Fv2%2Fmedia&parent=1917"}],"curies":[{"name":"wp","href":"https:\/\/api.w.org\/{rel}","templated":true}]}}