{"id":2173,"date":"2023-12-21T14:09:38","date_gmt":"2023-12-21T14:09:38","guid":{"rendered":"https:\/\/carlac.es\/?page_id=2173"},"modified":"2025-04-24T11:23:34","modified_gmt":"2025-04-24T11:23:34","slug":"politica-de-cookies-car-lac-port","status":"publish","type":"page","link":"https:\/\/carlac.es\/?page_id=2173","title":{"rendered":"Pol\u00edtica de cookies Car-lac -PORT"},"content":{"rendered":"\t\t<div data-elementor-type=\"wp-page\" data-elementor-id=\"2173\" class=\"elementor elementor-2173\">\n\t\t\t\t\t\t<section class=\"elementor-section elementor-top-section elementor-element elementor-element-e4c58f8 elementor-section-full_width elementor-section-height-default elementor-section-height-default rael-particle-no\" data-id=\"e4c58f8\" data-element_type=\"section\" data-e-type=\"section\">\n\t\t\t\t\t\t<div class=\"elementor-container elementor-column-gap-default\">\n\t\t\t\t\t<div class=\"elementor-column elementor-col-50 elementor-top-column elementor-element elementor-element-2b8d06d5 rael-particle-no\" data-id=\"2b8d06d5\" data-element_type=\"column\" data-e-type=\"column\">\n\t\t\t<div class=\"elementor-widget-wrap elementor-element-populated\">\n\t\t\t\t\t\t<div class=\"elementor-element elementor-element-2677bb2 elementor-widget elementor-widget-image\" data-id=\"2677bb2\" data-element_type=\"widget\" data-e-type=\"widget\" data-widget_type=\"image.default\">\n\t\t\t\t<div class=\"elementor-widget-container\">\n\t\t\t\t\t\t\t\t\t\t\t\t\t\t\t<img fetchpriority=\"high\" decoding=\"async\" width=\"1417\" height=\"543\" src=\"https:\/\/carlac.es\/wp-content\/uploads\/2023\/10\/carlac_color.jpg\" class=\"attachment-full size-full wp-image-1739\" alt=\"\" srcset=\"https:\/\/carlac.es\/wp-content\/uploads\/2023\/10\/carlac_color.jpg 1417w, https:\/\/carlac.es\/wp-content\/uploads\/2023\/10\/carlac_color-300x115.jpg 300w, https:\/\/carlac.es\/wp-content\/uploads\/2023\/10\/carlac_color-1024x392.jpg 1024w, https:\/\/carlac.es\/wp-content\/uploads\/2023\/10\/carlac_color-768x294.jpg 768w\" sizes=\"(max-width: 1417px) 100vw, 1417px\" \/>\t\t\t\t\t\t\t\t\t\t\t\t\t\t\t<\/div>\n\t\t\t\t<\/div>\n\t\t\t\t\t<\/div>\n\t\t<\/div>\n\t\t\t\t<div class=\"elementor-column elementor-col-50 elementor-top-column elementor-element elementor-element-41822eba rael-particle-no\" data-id=\"41822eba\" data-element_type=\"column\" data-e-type=\"column\">\n\t\t\t<div class=\"elementor-widget-wrap elementor-element-populated\">\n\t\t\t\t\t\t<div class=\"elementor-element elementor-element-828bd57 elementor-hidden-phone elementor-widget elementor-widget-text-editor\" data-id=\"828bd57\" data-element_type=\"widget\" data-e-type=\"widget\" data-widget_type=\"text-editor.default\">\n\t\t\t\t<div class=\"elementor-widget-container\">\n\t\t\t\t\t\t\t\t\t<p><strong>986 342 579<\/strong><\/p>\t\t\t\t\t\t\t\t<\/div>\n\t\t\t\t<\/div>\n\t\t\t\t\t<\/div>\n\t\t<\/div>\n\t\t\t\t\t<\/div>\n\t\t<\/section>\n\t\t\t\t<section class=\"elementor-section elementor-top-section elementor-element elementor-element-4fb2ce5 elementor-section-full_width elementor-section-height-min-height elementor-section-height-default elementor-section-items-middle rael-particle-no\" data-id=\"4fb2ce5\" data-element_type=\"section\" data-e-type=\"section\">\n\t\t\t\t\t\t<div class=\"elementor-container elementor-column-gap-no\">\n\t\t\t\t\t<div class=\"elementor-column elementor-col-100 elementor-top-column elementor-element elementor-element-55f1450 rael-particle-no\" data-id=\"55f1450\" data-element_type=\"column\" data-e-type=\"column\">\n\t\t\t<div class=\"elementor-widget-wrap\">\n\t\t\t\t\t\t\t<\/div>\n\t\t<\/div>\n\t\t\t\t\t<\/div>\n\t\t<\/section>\n\t\t\t\t<section class=\"elementor-section elementor-top-section elementor-element elementor-element-82659ef elementor-section-boxed elementor-section-height-default elementor-section-height-default rael-particle-no\" data-id=\"82659ef\" data-element_type=\"section\" data-e-type=\"section\" id=\"Productos\">\n\t\t\t\t\t\t<div class=\"elementor-container elementor-column-gap-default\">\n\t\t\t\t\t<div class=\"elementor-column elementor-col-100 elementor-top-column elementor-element elementor-element-6429977 PRODUCTOS rael-particle-no\" data-id=\"6429977\" data-element_type=\"column\" data-e-type=\"column\">\n\t\t\t<div class=\"elementor-widget-wrap elementor-element-populated\">\n\t\t\t\t\t\t<div class=\"elementor-element elementor-element-7790264 elementor-widget elementor-widget-text-editor\" data-id=\"7790264\" data-element_type=\"widget\" data-e-type=\"widget\" data-widget_type=\"text-editor.default\">\n\t\t\t\t<div class=\"elementor-widget-container\">\n\t\t\t\t\t\t\t\t\t<h3>POL\u00cdTICA DE COOKIES<\/h3><p>O que s\u00e3o biscoitos?<\/p><p>Um cookie \u00e9 um arquivo que \u00e9 baixado para o seu computador quando voc\u00ea acessa determinadas p\u00e1ginas da web. Os cookies permitem que um site, entre outras coisas, armazene e recupere informa\u00e7\u00e3o sobre os h\u00e1bitos de navega\u00e7\u00e3o de um utilizador ou do seu equipamento e, dependendo da informa\u00e7\u00e3o que contenham e da forma como utiliza o seu equipamento, podem ser utilizados para reconhecer ao utilizador.<\/p><p>Para que os usamos?<\/p><p>O site da EXCLUSIVAS CARLAC, S.L., www.carlac.es, utiliza \u2018cookies\u2019 para permitir e facilitar a intera\u00e7\u00e3o do utilizador com o mesmo. Da mesma forma, os servi\u00e7os de estat\u00edsticas &#8211; pr\u00f3prios ou de terceiros &#8211; utilizados pela EXCLUSIVAS CARLAC, S.L., poder\u00e3o utilizar &#8216;cookies&#8217; para estabelecer m\u00e9tricas e padr\u00f5es de utiliza\u00e7\u00e3o do site.<\/p><p>Terceiros tamb\u00e9m podem coletar informa\u00e7\u00f5es atrav\u00e9s dos Sites usando cookies, plug-ins e widgets de terceiros. Esses terceiros coletam dados diretamente do seu navegador e o processamento desses dados est\u00e1 sujeito \u00e0s suas pr\u00f3prias pol\u00edticas de privacidade.<\/p><p>Que tipos de cookies este site utiliza?<\/p><p>Cookies funcionais de sess\u00e3o: Estes cookies s\u00e3o necess\u00e1rios para a funcionalidade b\u00e1sica do Site e, portanto, est\u00e3o sempre habilitados para isso. Mant\u00eam o utilizador identificado durante a utiliza\u00e7\u00e3o do site EXCLUSIVAS CARLAC, S.L., permitindo a sua intera\u00e7\u00e3o com o mesmo. Eles ajudam a tornar poss\u00edvel o processo de compra e pagamento, bem como auxiliam em quest\u00f5es de seguran\u00e7a e conformidade regulat\u00f3ria.<br \/>Cookies de Desempenho: Esses cookies nos permitem melhorar a funcionalidade dos nossos Sites rastreando o uso. Em alguns casos, estes cookies melhoram a velocidade com que podemos processar o seu pedido e permitem-nos lembrar as prefer\u00eancias do website que selecionou. A rejei\u00e7\u00e3o desses cookies pode resultar em recomenda\u00e7\u00f5es inadequadas e desempenho lento do site.<br \/>Cookies de an\u00e1lise: S\u00e3o aqueles que, bem tratados por n\u00f3s ou por terceiros, nos permitem quantificar o n\u00famero de utilizadores e assim realizar a medi\u00e7\u00e3o e an\u00e1lise estat\u00edstica da utiliza\u00e7\u00e3o que os utilizadores fazem do servi\u00e7o oferecido. Para tal, \u00e9 analisada a sua navega\u00e7\u00e3o no nosso site, de forma a melhorar a oferta de produtos ou servi\u00e7os que oferecemos.<br \/>Cookies de redes sociais e Publicidade: Os cookies de redes sociais oferecem-lhe a possibilidade de se conectar \u00e0s suas redes sociais e partilhar o conte\u00fado do nosso site atrav\u00e9s das redes sociais. Os cookies de publicidade (de terceiros) recolhem informa\u00e7\u00f5es para ajudar a adaptar melhor a publicidade aos seus interesses, dentro e fora do nosso website. Em alguns casos, estes cookies envolvem o processamento dos seus dados pessoais. A rejei\u00e7\u00e3o destes cookies pode resultar na visualiza\u00e7\u00e3o de publicidade que n\u00e3o seja t\u00e3o relevante para si ou que n\u00e3o o possa ligar eficazmente ao Facebook, Twitter ou outras redes sociais e\/ou que n\u00e3o lhe permita partilhar conte\u00fado em redes sociais.<\/p><p>Como altero minhas configura\u00e7\u00f5es de cookies?<\/p><p>Depois de ter aceitado a nossa pol\u00edtica de cookies, para voltar a aceitar, conhecer, bloquear ou eliminar os cookies instalados no seu computador, poder\u00e1 faz\u00ea-lo configurando as op\u00e7\u00f5es do navegador instalado no seu computador.<\/p><p>Por exemplo, voc\u00ea pode encontrar informa\u00e7\u00f5es sobre como fazer isso se us\u00e1-lo como navegador:<\/p><p>Firefox daqui: http:\/\/support.mozilla.org\/es\/kb\/habilitar-y-deshabilitar-cookies-que-los-sitios-web<br \/>Chrome aqui: http:\/\/support.google.com\/chrome\/bin\/answer.py?hl=es&amp;answer=95647<br \/>Explorer daqui: http:\/\/windows.microsoft.com\/es-es\/windows7\/how-to-manage-cookies-in-internet-explorer-9<br \/>Safari daqui: http:\/\/support.apple.com\/kb\/ph5042<br \/>Opere aqui: http:\/\/help.opera.com\/Windows\/11.50\/es-ES\/cookies.html<\/p>\t\t\t\t\t\t\t\t<\/div>\n\t\t\t\t<\/div>\n\t\t\t\t<div class=\"elementor-element elementor-element-534e07d elementor-widget elementor-widget-spacer\" data-id=\"534e07d\" data-element_type=\"widget\" data-e-type=\"widget\" data-widget_type=\"spacer.default\">\n\t\t\t\t<div class=\"elementor-widget-container\">\n\t\t\t\t\t\t\t<div class=\"elementor-spacer\">\n\t\t\t<div class=\"elementor-spacer-inner\"><\/div>\n\t\t<\/div>\n\t\t\t\t\t\t<\/div>\n\t\t\t\t<\/div>\n\t\t\t\t\t<\/div>\n\t\t<\/div>\n\t\t\t\t\t<\/div>\n\t\t<\/section>\n\t\t\t\t<section class=\"elementor-section elementor-top-section elementor-element elementor-element-2ce496c elementor-section-full_width elementor-section-height-default elementor-section-height-default rael-particle-no\" data-id=\"2ce496c\" data-element_type=\"section\" data-e-type=\"section\">\n\t\t\t\t\t\t<div class=\"elementor-container elementor-column-gap-default\">\n\t\t\t\t\t<div class=\"elementor-column elementor-col-50 elementor-top-column elementor-element elementor-element-8cc9fed rael-particle-no\" data-id=\"8cc9fed\" data-element_type=\"column\" data-e-type=\"column\">\n\t\t\t<div class=\"elementor-widget-wrap elementor-element-populated\">\n\t\t\t\t\t\t<div class=\"elementor-element elementor-element-6fe48df elementor-widget elementor-widget-text-editor\" data-id=\"6fe48df\" data-element_type=\"widget\" data-e-type=\"widget\" data-widget_type=\"text-editor.default\">\n\t\t\t\t<div class=\"elementor-widget-container\">\n\t\t\t\t\t\t\t\t\t<p><a href=\"http:\/\/www.carlac.es\">\u00a9 2025 Exclusivas Car-lac<\/a><\/p>\t\t\t\t\t\t\t\t<\/div>\n\t\t\t\t<\/div>\n\t\t\t\t\t<\/div>\n\t\t<\/div>\n\t\t\t\t<div class=\"elementor-column elementor-col-50 elementor-top-column elementor-element elementor-element-18e43d7 rael-particle-no\" data-id=\"18e43d7\" data-element_type=\"column\" data-e-type=\"column\">\n\t\t\t<div class=\"elementor-widget-wrap elementor-element-populated\">\n\t\t\t\t\t\t<div class=\"elementor-element elementor-element-9515896 elementor-widget elementor-widget-text-editor\" data-id=\"9515896\" data-element_type=\"widget\" data-e-type=\"widget\" data-widget_type=\"text-editor.default\">\n\t\t\t\t<div class=\"elementor-widget-container\">\n\t\t\t\t\t\t\t\t\t<p><a href=\"https:\/\/carlac.es\/?page_id=2192\">Aviso legal y pol\u00edtica de privacidad<\/a> | <a href=\"https:\/\/carlac.es\/?page_id=1917\">Cookies <\/a><a href=\"https:\/\/carlac.es\/?page_id=2181\">|Cumplimiento legal|<\/a><\/p>\t\t\t\t\t\t\t\t<\/div>\n\t\t\t\t<\/div>\n\t\t\t\t\t<\/div>\n\t\t<\/div>\n\t\t\t\t\t<\/div>\n\t\t<\/section>\n\t\t\t\t<\/div>\n\t\t","protected":false},"excerpt":{"rendered":"<p>986 342 579 POL\u00cdTICA DE COOKIES O que s\u00e3o biscoitos? Um cookie \u00e9 um arquivo que \u00e9 baixado para o seu computador quando voc\u00ea acessa determinadas p\u00e1ginas da web. Os cookies permitem que um site, entre outras coisas, armazene e recupere informa\u00e7\u00e3o sobre os h\u00e1bitos de navega\u00e7\u00e3o de um utilizador ou do seu equipamento e, [&hellip;]<\/p>\n","protected":false},"author":1,"featured_media":0,"parent":0,"menu_order":0,"comment_status":"closed","ping_status":"closed","template":"","meta":{"footnotes":""},"class_list":["post-2173","page","type-page","status-publish","hentry"],"_links":{"self":[{"href":"https:\/\/carlac.es\/index.php?rest_route=\/wp\/v2\/pages\/2173","targetHints":{"allow":["GET"]}}],"collection":[{"href":"https:\/\/carlac.es\/index.php?rest_route=\/wp\/v2\/pages"}],"about":[{"href":"https:\/\/carlac.es\/index.php?rest_route=\/wp\/v2\/types\/page"}],"author":[{"embeddable":true,"href":"https:\/\/carlac.es\/index.php?rest_route=\/wp\/v2\/users\/1"}],"replies":[{"embeddable":true,"href":"https:\/\/carlac.es\/index.php?rest_route=%2Fwp%2Fv2%2Fcomments&post=2173"}],"version-history":[{"count":13,"href":"https:\/\/carlac.es\/index.php?rest_route=\/wp\/v2\/pages\/2173\/revisions"}],"predecessor-version":[{"id":2424,"href":"https:\/\/carlac.es\/index.php?rest_route=\/wp\/v2\/pages\/2173\/revisions\/2424"}],"wp:attachment":[{"href":"https:\/\/carlac.es\/index.php?rest_route=%2Fwp%2Fv2%2Fmedia&parent=2173"}],"curies":[{"name":"wp","href":"https:\/\/api.w.org\/{rel}","templated":true}]}}