{"id":2192,"date":"2023-12-21T14:52:39","date_gmt":"2023-12-21T14:52:39","guid":{"rendered":"https:\/\/carlac.es\/?page_id=2192"},"modified":"2026-04-10T11:30:04","modified_gmt":"2026-04-10T11:30:04","slug":"politica-de-privacidad-port","status":"publish","type":"page","link":"https:\/\/carlac.es\/?page_id=2192","title":{"rendered":"Pol\u00edtica de privacidad &#8211; PORT"},"content":{"rendered":"\t\t<div data-elementor-type=\"wp-page\" data-elementor-id=\"2192\" class=\"elementor elementor-2192\">\n\t\t\t\t\t\t<section class=\"elementor-section elementor-top-section elementor-element elementor-element-e4c58f8 elementor-section-full_width elementor-section-height-default elementor-section-height-default rael-particle-no\" data-id=\"e4c58f8\" data-element_type=\"section\" data-e-type=\"section\">\n\t\t\t\t\t\t<div class=\"elementor-container elementor-column-gap-default\">\n\t\t\t\t\t<div class=\"elementor-column elementor-col-50 elementor-top-column elementor-element elementor-element-2b8d06d5 rael-particle-no\" data-id=\"2b8d06d5\" data-element_type=\"column\" data-e-type=\"column\">\n\t\t\t<div class=\"elementor-widget-wrap elementor-element-populated\">\n\t\t\t\t\t\t<div class=\"elementor-element elementor-element-2677bb2 elementor-widget elementor-widget-image\" data-id=\"2677bb2\" data-element_type=\"widget\" data-e-type=\"widget\" data-widget_type=\"image.default\">\n\t\t\t\t<div class=\"elementor-widget-container\">\n\t\t\t\t\t\t\t\t\t\t\t\t\t\t\t<img fetchpriority=\"high\" decoding=\"async\" width=\"1417\" height=\"543\" src=\"https:\/\/carlac.es\/wp-content\/uploads\/2023\/10\/carlac_color.jpg\" class=\"attachment-full size-full wp-image-1739\" alt=\"\" srcset=\"https:\/\/carlac.es\/wp-content\/uploads\/2023\/10\/carlac_color.jpg 1417w, https:\/\/carlac.es\/wp-content\/uploads\/2023\/10\/carlac_color-300x115.jpg 300w, https:\/\/carlac.es\/wp-content\/uploads\/2023\/10\/carlac_color-1024x392.jpg 1024w, https:\/\/carlac.es\/wp-content\/uploads\/2023\/10\/carlac_color-768x294.jpg 768w\" sizes=\"(max-width: 1417px) 100vw, 1417px\" \/>\t\t\t\t\t\t\t\t\t\t\t\t\t\t\t<\/div>\n\t\t\t\t<\/div>\n\t\t\t\t\t<\/div>\n\t\t<\/div>\n\t\t\t\t<div class=\"elementor-column elementor-col-50 elementor-top-column elementor-element elementor-element-41822eba rael-particle-no\" data-id=\"41822eba\" data-element_type=\"column\" data-e-type=\"column\">\n\t\t\t<div class=\"elementor-widget-wrap elementor-element-populated\">\n\t\t\t\t\t\t<div class=\"elementor-element elementor-element-828bd57 elementor-hidden-phone elementor-widget elementor-widget-text-editor\" data-id=\"828bd57\" data-element_type=\"widget\" data-e-type=\"widget\" data-widget_type=\"text-editor.default\">\n\t\t\t\t<div class=\"elementor-widget-container\">\n\t\t\t\t\t\t\t\t\t<p><strong>986 342 579<\/strong><\/p>\t\t\t\t\t\t\t\t<\/div>\n\t\t\t\t<\/div>\n\t\t\t\t\t<\/div>\n\t\t<\/div>\n\t\t\t\t\t<\/div>\n\t\t<\/section>\n\t\t\t\t<section class=\"elementor-section elementor-top-section elementor-element elementor-element-4fb2ce5 elementor-section-full_width elementor-section-height-min-height elementor-section-height-default elementor-section-items-middle rael-particle-no\" data-id=\"4fb2ce5\" data-element_type=\"section\" data-e-type=\"section\">\n\t\t\t\t\t\t<div class=\"elementor-container elementor-column-gap-no\">\n\t\t\t\t\t<div class=\"elementor-column elementor-col-100 elementor-top-column elementor-element elementor-element-8df305e rael-particle-no\" data-id=\"8df305e\" data-element_type=\"column\" data-e-type=\"column\">\n\t\t\t<div class=\"elementor-widget-wrap\">\n\t\t\t\t\t\t\t<\/div>\n\t\t<\/div>\n\t\t\t\t\t<\/div>\n\t\t<\/section>\n\t\t\t\t<section class=\"elementor-section elementor-top-section elementor-element elementor-element-82659ef elementor-section-boxed elementor-section-height-default elementor-section-height-default rael-particle-no\" data-id=\"82659ef\" data-element_type=\"section\" data-e-type=\"section\" id=\"Productos\">\n\t\t\t\t\t\t<div class=\"elementor-container elementor-column-gap-default\">\n\t\t\t\t\t<div class=\"elementor-column elementor-col-100 elementor-top-column elementor-element elementor-element-6429977 PRODUCTOS rael-particle-no\" data-id=\"6429977\" data-element_type=\"column\" data-e-type=\"column\">\n\t\t\t<div class=\"elementor-widget-wrap elementor-element-populated\">\n\t\t\t\t\t\t<div class=\"elementor-element elementor-element-997726f elementor-widget elementor-widget-heading\" data-id=\"997726f\" data-element_type=\"widget\" data-e-type=\"widget\" data-widget_type=\"heading.default\">\n\t\t\t\t<div class=\"elementor-widget-container\">\n\t\t\t\t\t<h2 class=\"elementor-heading-title elementor-size-default\">AVISO LEGAL E POL\u00cdTICA DE PRIVACIDADE<\/h2>\t\t\t\t<\/div>\n\t\t\t\t<\/div>\n\t\t\t\t<div class=\"elementor-element elementor-element-7790264 elementor-widget__width-initial elementor-widget elementor-widget-text-editor\" data-id=\"7790264\" data-element_type=\"widget\" data-e-type=\"widget\" data-widget_type=\"text-editor.default\">\n\t\t\t\t<div class=\"elementor-widget-container\">\n\t\t\t\t\t\t\t\t\t<p>\u00a0<\/p><p>A presente pol\u00edtica de prote\u00e7\u00e3o de dados pessoais abrange qualquer tratamento de dados que possa ocorrer durante a navega\u00e7\u00e3o ou intera\u00e7\u00e3o com qualquer um dos nossos sites ou redes sociais onde possamos estar presentes (Facebook, Twitter, Instagram, etc.). Ao final deste documento s\u00e3o especificadas informa\u00e7\u00f5es especiais no caso de utiliza\u00e7\u00e3o de redes sociais. Tamb\u00e9m se aplicar\u00e1 a quaisquer procedimentos internos da empresa que exijam a recolha de dados, seja em papel ou em qualquer outro sistema. Em qualquer um destes meios, poder\u00e1 consultar informa\u00e7\u00e3o, e em alguns casos preencher formul\u00e1rios, responder a inqu\u00e9ritos, participar em concursos, fazer consultas, enviar fotos, fazer coment\u00e1rios, etc&#8230; e, portanto, fornecer-nos informa\u00e7\u00f5es de dados pessoais. . Todos os tratamentos est\u00e3o sujeitos \u00e0 nossa pol\u00edtica de privacidade.<\/p><p>Quem \u00e9 o respons\u00e1vel pelo tratamento dos seus dados pessoais?<\/p><p>Em cumprimento do disposto no Regulamento (UE) 2016\/679 do Parlamento Europeu e do Conselho de 27 de abril de 2016 e na Lei Org\u00e2nica 3\/2018, de 5 de dezembro, sobre a Prote\u00e7\u00e3o de Dados Pessoais e garantia de direitos digitais Informamos que os dados pessoais que nos fornecer ser\u00e3o tratados pela EXCLUSIVAS CARLAC S.L., com sede em P. I. \u00abA Granxa\u00bb, Rua C, nave n\u00ba 138\u00a0 36400, O Porri\u00f1o (Pontevedra).<\/p><p>Telefone: +34 986 342 579. CIF B-36362960, e-mail:<\/p><p>info@carlac.es<\/p><p>Como tratamos os seus dados pessoais?<\/p><p>Tratamento<\/p><p>CLIENTES<\/p><p>Prop\u00f3sito: Gerencie os dados do cliente para gerenciar seu pedido<\/p><p>Categorias de dados: Clientes<\/p><p>Dados:\u00a0 \u00a0 Dados de identifica\u00e7\u00e3o: Nome e apelido, BI, morada, telefone, email<\/p><p>Cart\u00e3o de cr\u00e9dito<\/p><p>Legitima\u00e7\u00e3o:\u00a0 Rela\u00e7\u00e3o contratual.<\/p><p>Origem:\u00a0 De uma parte interessada.<\/p><p>Destinat\u00e1rios: Os previstos no regulamento<\/p><p>Conserva\u00e7\u00e3o:\u00a0 Aqueles previstos em regulamento<\/p><p>Transfer\u00eancias internacionais:\u00a0 Sem transfer\u00eancia internacional de dados<\/p><p>Tratamento:\u00a0 \u00a0 \u00a0CANAL \u00c9TICO<\/p><p>Prop\u00f3sito:\u00a0 Gest\u00e3o dos dados pessoais do canal \u00e9tico e dos dados derivados da sua gest\u00e3o.<\/p><p>Categoria de data:\u00a0 \u00a0Funcion\u00e1rios da empresa, clientes e\/ou outras pessoas relacionadas.<\/p><p>Dados:<\/p><p>Dados pessoais que podem ser inclu\u00eddos na reclama\u00e7\u00e3o. N\u00e3o definido pela empresa.<\/p><p>Legitima\u00e7\u00e3o<\/p><p>6c). Cumprimento de uma obriga\u00e7\u00e3o legal aplic\u00e1vel ao respons\u00e1vel pelo tratamento dos dados<\/p><p>6. f) o tratamento for necess\u00e1rio para a satisfa\u00e7\u00e3o de interesses leg\u00edtimos prosseguidos pelo respons\u00e1vel pelo tratamento<\/p><p>Origem: Da pessoa que apresenta a reclama\u00e7\u00e3o, que pode ser an\u00f3nima.<\/p><p>Destinat\u00e1rios:\u00a0 A transfer\u00eancia de informa\u00e7\u00f5es n\u00e3o est\u00e1 planejada.<\/p><p>Conserva\u00e7\u00e3o:\u00a0 Seguindo as diretrizes da legisla\u00e7\u00e3o trabalhista vigente.<\/p><p>Transfer\u00eancias internacionais:\u00a0 \u00a0N\u00e3o h\u00e1 transfer\u00eancias internacionais de dados.<\/p><p>Tratamento:\u00a0 \u00a0INFORMA\u00c7\u00c3O<\/p><p>Prop\u00f3sito:\u00a0 Responder aos pedidos de informa\u00e7\u00e3o recebidos no site.<\/p><p>Categoria de data:\u00a0 \u00a0Pessoas solicitando informa\u00e7\u00f5es<\/p><p>Dados:\u00a0 Nome, sobrenome, e-mail e n\u00famero de telefone.<\/p><p>Legitima\u00e7\u00e3o:\u00a0 \u00a0Interesse leg\u00edtimo<\/p><p>Origem:\u00a0 Dos interessados<\/p><p>Destinat\u00e1rios:\u00a0 Sem comunica\u00e7\u00f5es de dados.<\/p><p>Conserva\u00e7\u00e3o:\u00a0 At\u00e9 que a solicita\u00e7\u00e3o seja processada.<\/p><p>Transfer\u00eancias internacionais:\u00a0 Sem transfer\u00eancias internacionais de dados<\/p><p>Tratamento:\u00a0 BOLETIM<\/p><p>Prop\u00f3sito:\u00a0 Envio de informa\u00e7\u00f5es sobre produtos da empresa<\/p><p>Categoria de data:\u00a0 Pessoas solicitando informa\u00e7\u00f5es<\/p><p>Dados:\u00a0 \u00a0Nome, sobrenome, e-mail e n\u00famero de telefone<\/p><p>Legitima\u00e7\u00e3o:\u00a0 Consentimento. Isso pode ser revogado a qualquer momento<\/p><p>Origem:\u00a0 Dos interessados.<\/p><p>Destinat\u00e1rios:\u00a0 Sem comunica\u00e7\u00e3o de dados.<\/p><p>Conserva\u00e7\u00e3o:\u00a0 At\u00e9 que o direito de oposi\u00e7\u00e3o e\/ou elimina\u00e7\u00e3o seja exercido<\/p><p>Transfer\u00eancias internacionais:\u00a0 N\u00e3o h\u00e1 transfer\u00eancias internacionais de dados.<\/p><p>Tratamento<\/p><p><strong>OPORTUNIDADES DE TRABALHO<\/strong><\/p><p><strong>Prop\u00f3sito:<\/strong> Fa\u00e7a parte do quadro de empregos da empresa<\/p><p><strong>Categorias de dados:<\/strong> Pessoas se candidatando a empregos.<\/p><p><strong>Dados:\u00a0<\/strong> Nome, sobrenome, cidade, data de nascimento, e-mail e telefone. Dados de identifica\u00e7\u00e3o, forma\u00e7\u00e3o e ocupacionais.<\/p><p><strong>Legitima\u00e7\u00e3o<\/strong>: Consentimento<\/p><p><strong>Origem:\u00a0<\/strong> Dos interessados<\/p><p><strong>Destinat\u00e1rios:<\/strong> Os dados n\u00e3o s\u00e3o comunicados a terceiros, exceto aos Processadores de Dados com os quais existe uma rela\u00e7\u00e3o contratual.<\/p><p><strong>Validade:\u00a0<\/strong> De acordo com a legisla\u00e7\u00e3o vigente<\/p><p><strong>Transfer\u00eancias internacionais:<\/strong>\u00a0 Sem transfer\u00eancia internacional de dados<\/p><p><strong>Tratamento\u00a0<\/strong> \u00a0VIDEO VIGIL\u00c2NCIA<\/p><p><strong>Prop\u00f3sito:<\/strong>\u00a0 \u00a0Videovigil\u00e2ncia dos acessos \u00e0s instala\u00e7\u00f5es<\/p><p><strong>Categorias de dados:<\/strong>\u00a0 Pessoas que acessam as instala\u00e7\u00f5es<\/p><p><strong>Dados\u00a0<\/strong> \u00a0 imagens<\/p><p><strong>Legitima\u00e7\u00e3o\u00a0 \u00a0<\/strong> Interesse leg\u00edtimo<\/p><p><strong>Origem:\u00a0 \u00a0<\/strong> Dos interessados<\/p><p><strong>Destinat\u00e1rios:<\/strong>\u00a0 \u00a0 Ag\u00eancias de aplica\u00e7\u00e3o da lei<\/p><p><strong>Validade\u00a0<\/strong> \u00a0M\u00e1ximo de um m\u00eas<\/p><p><strong>Transfer\u00eancias internacionais\u00a0<\/strong> \u00a0Sem transfer\u00eancia internacional de dados<\/p><p><strong>Tratamento\u00a0<\/strong> \u00a0PROMO\u00c7\u00d5ES \/ BRINDES<\/p><p><strong>Prop\u00f3sito<\/strong>\u00a0 \u00a0 Gest\u00e3o dos dados das pessoas que participam nas promo\u00e7\u00f5es\/sorteios que a empresa organiza nas suas redes sociais.<\/p><p><strong>Categorias de dados\u00a0 \u00a0<\/strong> \u00a0 \u00a0Pessoas que participem e tenham aceitado as condi\u00e7\u00f5es das promo\u00e7\u00f5es\/sorteios organizados pela empresa.<\/p><p><strong>Dados<\/strong>\u00a0 \u00a0Nome e sobrenome, RG, telefone e e-mail<\/p><p><strong>Legitima\u00e7\u00e3o\u00a0<\/strong> \u00a0 Rela\u00e7\u00e3o contratual<\/p><p><strong>Origem:<\/strong>\u00a0 \u00a0Dos interessados<\/p><p><strong>Destinat\u00e1rios:\u00a0<\/strong> \u00a0Nenhum dado \u00e9 transferido a terceiros<\/p><p><strong>Validade<\/strong>\u00a0 \u00a0De acordo com a legisla\u00e7\u00e3o vigente<\/p><p><strong>Transfer\u00eancias internacionais\u00a0<\/strong> \u00a0 \u00a0Sem transfer\u00eancia internacional de dados<\/p><p>O seu consentimento pode ser revogado a qualquer momento.<\/p><p>EXCLUSIVOS CARLAC, S.L. utiliza ferramentas para analisar perfis, comportamentos ou prefer\u00eancias dos usu\u00e1rios e posteriormente realizar campanhas direcionadas com base nesses dados.<\/p><p>Por que usamos seus dados pessoais?<\/p><p>Abaixo explicamos a base legal que nos permite tratar os seus dados pessoais.<\/p><p>1.- No cumprimento de uma rela\u00e7\u00e3o contratual.<\/p><p>2.- Quando nos d\u00e1 o seu consentimento.<\/p><p>3.- Pelo leg\u00edtimo interesse de EXCLUSIVAS CARLAC, S.L. para lhe mostrar servi\u00e7os, produtos e iniciativas que possam lhe interessar.<\/p><p>4.- Cumprimento das obriga\u00e7\u00f5es impostas pela lei.<\/p><p>Lembramos que voc\u00ea pode revogar seu consentimento a qualquer momento no seguinte endere\u00e7o: info@carlac.es<\/p><p>Postar fotos ou v\u00eddeos no site ou redes sociais<\/p><p>Para a publica\u00e7\u00e3o de fotografias ou v\u00eddeos dos nossos trabalhadores, clientes, utilizadores ou menores no site ou redes sociais, bem como para recolha de dados para realiza\u00e7\u00e3o de concurso ou tratamento de quaisquer outros dados pessoais, obtemos previamente consentimento pr\u00e9vio, expl\u00edcito e indiscut\u00edvel. e informado do propriet\u00e1rio<\/p><p>Quais s\u00e3o os seus direitos quando nos fornece os seus dados pessoais?<\/p><p>Certo<\/p><p>Contente<\/p><p>Canal de atendimento<\/p><p>Acesso<\/p><p>Voc\u00ea pode consultar os dados pessoais gerenciados por EXCLUSIVAS CARLAC, S.L.<\/p><p>\u00a0 \u00a0 \u00a0 \u00a0 \u00a0 \u00a0lopd@disbasegrup.com<\/p><p>Retifica\u00e7\u00e3o<\/p><p>Voc\u00ea pode modificar seus dados pessoais quando estiverem imprecisos.<\/p><p>Supress\u00e3o<\/p><p>Voc\u00ea pode solicitar a exclus\u00e3o dos seus dados pessoais<\/p><p>Oposi\u00e7\u00e3o<\/p><p>Voc\u00ea pode solicitar que seus dados pessoais n\u00e3o sejam processados.<\/p><p>Limita\u00e7\u00e3o do tratamento<\/p><p>Poder\u00e1 solicitar a limita\u00e7\u00e3o do tratamento dos seus dados nos seguintes casos:<\/p><p>Embora o desafio \u00e0 precis\u00e3o dos seus dados seja verificado<br \/>Quando EXCLUSIVAS CARLAC, S.L. n\u00e3o precisa processar seus dados, mas precisa deles para exercer ou defender reclama\u00e7\u00f5es.<br \/>Portabilidade<\/p><p>Voc\u00ea pode receber em formato eletr\u00f4nico os dados que nos forneceu em formato eletr\u00f4nico<\/p><p>Se considera que n\u00e3o tratamos os seus dados pessoais de acordo com a regulamenta\u00e7\u00e3o, registe uma reclama\u00e7\u00e3o junto da Ag\u00eancia Espanhola de Prote\u00e7\u00e3o de Dados (www.agpd.es).<\/p><p>Para exercer os seus direitos, anexe ao seu pedido uma c\u00f3pia do seu documento de identifica\u00e7\u00e3o ou documento que comprove a sua identidade.<\/p><p>O exerc\u00edcio dos seus direitos \u00e9 gratuito<\/p><h3>AVISO LEGAL<\/h3><p>Bem-vindo ao site de EXCLUSIVAS CARLAC, S.L.<\/p><p>Abaixo apresentamos as condi\u00e7\u00f5es de utiliza\u00e7\u00e3o desta p\u00e1gina WEB. A navega\u00e7\u00e3o nesta p\u00e1gina WEB lhe confere o papel de seu usu\u00e1rio e, portanto, voc\u00ea aceita as cl\u00e1usulas detalhadas neste documento.<\/p><p>EU IA<\/p><p>De acordo com o disposto no artigo 10 da Lei 34\/2002, de 11 de julho, de Servi\u00e7os da Sociedade da Informa\u00e7\u00e3o e Com\u00e9rcio Eletr\u00f3nico, informa-se que www.carlac.es \u00e9 um dom\u00ednio da empresa EXCLUSIVAS CARLAC, S.L. com sede em P. I. \u00abA Granxa\u00bb, Rua C, nave n\u00ba 138\u00a0 36400, O Porri\u00f1o (Pontevedra).<\/p><p>Tel: +34 986 342 579 e email info@carlac.es<\/p><p>A empresa chama-se EXCLUSIVAS CARLAC, S.L. com CIF B-36362960, que se encontra inscrita na Conservat\u00f3ria do Registro Mercantil de Pontevedra no tomo 2.478, folio 55, hoja PO-25.934.<\/p><p>REGRAS DE USO<\/p><p>O Utilizador compromete-se a fazer uma utiliza\u00e7\u00e3o adequada e l\u00edcita do Site, bem como dos conte\u00fados e servi\u00e7os, de acordo com a legisla\u00e7\u00e3o aplic\u00e1vel em cada momento, a moral e os bons costumes geralmente aceites e a ordem p\u00fablica.<\/p><p>\u00c9 proibida a realiza\u00e7\u00e3o, da sua parte, de qualquer a\u00e7\u00e3o que possa provocar altera\u00e7\u00f5es nos conte\u00fados deste WEBSITE ou o seu mau funcionamento, incluindo a introdu\u00e7\u00e3o de v\u00edrus ou similares.<\/p><p>PROPRIEDADE INTELECTUAL<\/p><p>As p\u00e1ginas da WEB e as informa\u00e7\u00f5es ou elementos nela contidos incluem textos, documentos, fotografias, desenhos, representa\u00e7\u00f5es gr\u00e1ficas, bases de dados, v\u00eddeos e tamb\u00e9m logotipos, marcas, nomes comerciais ou outros sinais distintivos, est\u00e3o protegidos por direitos de propriedade intelectual ou industrial. , dos quais EXCLUSIVAS CARLAC, S.L. \u00e9 o leg\u00edtimo propriet\u00e1rio ou licenciado.<\/p><p>\u00c9 proibida qualquer forma de explora\u00e7\u00e3o, incluindo qualquer tipo de reprodu\u00e7\u00e3o, distribui\u00e7\u00e3o, transfer\u00eancia a terceiros, comunica\u00e7\u00e3o p\u00fablica e transforma\u00e7\u00e3o, atrav\u00e9s de qualquer tipo de suporte e meio, sem autoriza\u00e7\u00e3o pr\u00e9via e expressa.<\/p><p>RESPONSABILIDADE<\/p><p>Nossa inten\u00e7\u00e3o \u00e9 oferecer um site que ofere\u00e7a opera\u00e7\u00e3o cont\u00ednua e qualidade superior.<\/p><p>Em qualquer caso, informamos que n\u00e3o podemos garantir a continuidade do acesso e que as p\u00e1ginas podem ser impedidas ou interrompidas por fatores ou circunst\u00e2ncias fora do nosso controle.<\/p><p>EXCLUSIVOS CARLAC, S.L. n\u00e3o se responsabiliza pelas informa\u00e7\u00f5es e outros conte\u00fados integrados em espa\u00e7os web de terceiros ou p\u00e1ginas acess\u00edveis atrav\u00e9s de links, hiperlinks ou links.<\/p><p>EXCLUSIVOS CARLAC, S.L. n\u00e3o se responsabiliza por quaisquer danos que possam surgir, entre outros, de:<\/p><p>Interfer\u00eancias, interrup\u00e7\u00f5es, falhas, omiss\u00f5es, quebras telef\u00f4nicas, atrasos, bloqueios ou desconex\u00f5es no funcionamento do sistema eletr\u00f4nico, causadas por defici\u00eancias, sobrecargas e erros em linhas e redes de telecomunica\u00e7\u00f5es<br \/>Intrus\u00f5es ileg\u00edtimas atrav\u00e9s da utiliza\u00e7\u00e3o de programas maliciosos de qualquer tipo e atrav\u00e9s de qualquer meio de comunica\u00e7\u00e3o.<br \/>Uso impr\u00f3prio ou inadequado do Site.<br \/>Erros causados por mau funcionamento do navegador ou pela utiliza\u00e7\u00e3o de vers\u00f5es n\u00e3o atualizadas do mesmo.<br \/>O usu\u00e1rio, no caso de causar danos devido ao uso il\u00edcito ou incorreto deste site, poder\u00e1 ser reclamado pelos danos causados.<\/p><p>Da mesma forma, o usu\u00e1rio ser\u00e1 respons\u00e1vel por quaisquer danos e perdas decorrentes do uso de \u00abrob\u00f4s\u00bb, \u00abspiders\u00bb&#8230; ou ferramentas similares utilizadas para fins de coleta ou extra\u00e7\u00e3o de dados ou qualquer outra a\u00e7\u00e3o de sua parte que imponha um \u00f4nus excessivo para a opera\u00e7\u00e3o do Site.<\/p><p>LEGISLA\u00c7\u00c3O<\/p><p>Para resolver qualquer conflito que possa surgir durante uma visita ao nosso SITE, recomendamos que nos contacte diretamente atrav\u00e9s dos dados de contacto que lhe oferecemos.<\/p>\t\t\t\t\t\t\t\t<\/div>\n\t\t\t\t<\/div>\n\t\t\t\t<div class=\"elementor-element elementor-element-534e07d elementor-widget elementor-widget-spacer\" data-id=\"534e07d\" data-element_type=\"widget\" data-e-type=\"widget\" data-widget_type=\"spacer.default\">\n\t\t\t\t<div class=\"elementor-widget-container\">\n\t\t\t\t\t\t\t<div class=\"elementor-spacer\">\n\t\t\t<div class=\"elementor-spacer-inner\"><\/div>\n\t\t<\/div>\n\t\t\t\t\t\t<\/div>\n\t\t\t\t<\/div>\n\t\t\t\t\t<\/div>\n\t\t<\/div>\n\t\t\t\t\t<\/div>\n\t\t<\/section>\n\t\t\t\t<section class=\"elementor-section elementor-top-section elementor-element elementor-element-2ce496c elementor-section-full_width elementor-section-height-default elementor-section-height-default rael-particle-no\" data-id=\"2ce496c\" data-element_type=\"section\" data-e-type=\"section\">\n\t\t\t\t\t\t<div class=\"elementor-container elementor-column-gap-default\">\n\t\t\t\t\t<div class=\"elementor-column elementor-col-50 elementor-top-column elementor-element elementor-element-8cc9fed rael-particle-no\" data-id=\"8cc9fed\" data-element_type=\"column\" data-e-type=\"column\">\n\t\t\t<div class=\"elementor-widget-wrap elementor-element-populated\">\n\t\t\t\t\t\t<div class=\"elementor-element elementor-element-6fe48df elementor-widget elementor-widget-text-editor\" data-id=\"6fe48df\" data-element_type=\"widget\" data-e-type=\"widget\" data-widget_type=\"text-editor.default\">\n\t\t\t\t<div class=\"elementor-widget-container\">\n\t\t\t\t\t\t\t\t\t<p><a href=\"http:\/\/www.carlac.es\">\u00a9 2025 Exclusivas Car-lac<\/a><\/p>\t\t\t\t\t\t\t\t<\/div>\n\t\t\t\t<\/div>\n\t\t\t\t\t<\/div>\n\t\t<\/div>\n\t\t\t\t<div class=\"elementor-column elementor-col-50 elementor-top-column elementor-element elementor-element-18e43d7 rael-particle-no\" data-id=\"18e43d7\" data-element_type=\"column\" data-e-type=\"column\">\n\t\t\t<div class=\"elementor-widget-wrap elementor-element-populated\">\n\t\t\t\t\t\t<div class=\"elementor-element elementor-element-9515896 elementor-widget elementor-widget-text-editor\" data-id=\"9515896\" data-element_type=\"widget\" data-e-type=\"widget\" data-widget_type=\"text-editor.default\">\n\t\t\t\t<div class=\"elementor-widget-container\">\n\t\t\t\t\t\t\t\t\t<p><a href=\"https:\/\/carlac.es\/?page_id=1733\">Aviso legal e pol\u00edtica de privacidade<\/a> | <a href=\"https:\/\/carlac.es\/?page_id=2173\">Cookies <\/a><a href=\"https:\/\/carlac.es\/?page_id=2181\">|<\/a><a href=\"https:\/\/carlac.es\/?page_id=2181\">Conformida de legal<\/a><\/p>\t\t\t\t\t\t\t\t<\/div>\n\t\t\t\t<\/div>\n\t\t\t\t\t<\/div>\n\t\t<\/div>\n\t\t\t\t\t<\/div>\n\t\t<\/section>\n\t\t\t\t<\/div>\n\t\t","protected":false},"excerpt":{"rendered":"<p>986 342 579 AVISO LEGAL E POL\u00cdTICA DE PRIVACIDADE \u00a0 A presente pol\u00edtica de prote\u00e7\u00e3o de dados pessoais abrange qualquer tratamento de dados que possa ocorrer durante a navega\u00e7\u00e3o ou intera\u00e7\u00e3o com qualquer um dos nossos sites ou redes sociais onde possamos estar presentes (Facebook, Twitter, Instagram, etc.). Ao final deste documento s\u00e3o especificadas informa\u00e7\u00f5es [&hellip;]<\/p>\n","protected":false},"author":1,"featured_media":0,"parent":0,"menu_order":0,"comment_status":"closed","ping_status":"closed","template":"","meta":{"footnotes":""},"class_list":["post-2192","page","type-page","status-publish","hentry"],"_links":{"self":[{"href":"https:\/\/carlac.es\/index.php?rest_route=\/wp\/v2\/pages\/2192","targetHints":{"allow":["GET"]}}],"collection":[{"href":"https:\/\/carlac.es\/index.php?rest_route=\/wp\/v2\/pages"}],"about":[{"href":"https:\/\/carlac.es\/index.php?rest_route=\/wp\/v2\/types\/page"}],"author":[{"embeddable":true,"href":"https:\/\/carlac.es\/index.php?rest_route=\/wp\/v2\/users\/1"}],"replies":[{"embeddable":true,"href":"https:\/\/carlac.es\/index.php?rest_route=%2Fwp%2Fv2%2Fcomments&post=2192"}],"version-history":[{"count":43,"href":"https:\/\/carlac.es\/index.php?rest_route=\/wp\/v2\/pages\/2192\/revisions"}],"predecessor-version":[{"id":2541,"href":"https:\/\/carlac.es\/index.php?rest_route=\/wp\/v2\/pages\/2192\/revisions\/2541"}],"wp:attachment":[{"href":"https:\/\/carlac.es\/index.php?rest_route=%2Fwp%2Fv2%2Fmedia&parent=2192"}],"curies":[{"name":"wp","href":"https:\/\/api.w.org\/{rel}","templated":true}]}}